{"id":29,"date":"2016-06-30T11:39:52","date_gmt":"2016-06-30T17:39:52","guid":{"rendered":"http:\/\/radioimpulso.com\/2016\/?page_id=29"},"modified":"2016-06-30T12:36:34","modified_gmt":"2016-06-30T18:36:34","slug":"somos","status":"publish","type":"page","link":"https:\/\/radioimpulso.com\/2016\/somos\/","title":{"rendered":"Somos"},"content":{"rendered":"<p>Radio Impulso es una empresa dedicada a las comunicaciones y medios de difusi\u00f3n masiva.<br \/>\nRadio Impulso entrega soluciones de negocio totalmente integradas que aceleran el crecimiento y crean nuevos niveles de valor para sus clientes.<\/p>\n<hr \/>\n<p>Seamos Gente \u00a0IMPULSO&#8230;\u00a0 ESTILO, BUENA VIDA Y VANGUARDIA.\u00a0Para lograrlo debemos comprometernos con nosotros mismos&#8230; les daremos las herramientas necesarias para que se comprometan con su bienestar, con su salud, con su diversi\u00f3n y con toda la informaci\u00f3n adecuada, por que no hay nadie mejor que\u00a0Usted.<\/p>\n<p>Por eso, nuestro equipo de colaboradores, a trav\u00e9s de sus temas, de los eventos y de los concursosestamos comprometdos para obtener la mejor informaci\u00f3n que requiera. Queremos tener el privilegio de contar con Usted&#8230; Cont\u00e1ctenos<\/p>\n<p>Amigos, estableceremos un reto que es crecer juntos. no los dejaremos mientras nos den la oportunidad de favorecernos con su preferencia.<\/p>\n<p>[tx_animate animation=\u00bbbounceIn\u00bb duration=\u00bb1&#8243; delay=\u00bb.4&#8243; inline=\u00bbno\u00bb]<\/p>\n<p>HOY ES UN BUEN D\u00cdA PARA EMPEZAR UNA NUEVA ERA DE \u00c9XITOS<\/p>\n<p>DIRECTOR[\/tx_animate]<\/p>\n<p>&nbsp;<\/p>\n","protected":false},"excerpt":{"rendered":"<p>Radio Impulso es una empresa dedicada a las comunicaciones y medios de difusi\u00f3n masiva. Radio Impulso entrega soluciones de negocio totalmente integradas que aceleran el crecimiento y crean nuevos niveles de valor para sus clientes. Seamos Gente \u00a0IMPULSO&#8230;\u00a0 ESTILO, BUENA VIDA Y VANGUARDIA.\u00a0Para lograrlo debemos comprometernos con nosotros mismos&#8230; les daremos las herramientas necesarias para [&hellip;]<\/p>\n","protected":false},"author":1,"featured_media":23,"parent":0,"menu_order":0,"comment_status":"closed","ping_status":"closed","template":"","meta":{"footnotes":""},"class_list":["post-29","page","type-page","status-publish","has-post-thumbnail","hentry"],"_links":{"self":[{"href":"https:\/\/radioimpulso.com\/2016\/wp-json\/wp\/v2\/pages\/29","targetHints":{"allow":["GET"]}}],"collection":[{"href":"https:\/\/radioimpulso.com\/2016\/wp-json\/wp\/v2\/pages"}],"about":[{"href":"https:\/\/radioimpulso.com\/2016\/wp-json\/wp\/v2\/types\/page"}],"author":[{"embeddable":true,"href":"https:\/\/radioimpulso.com\/2016\/wp-json\/wp\/v2\/users\/1"}],"replies":[{"embeddable":true,"href":"https:\/\/radioimpulso.com\/2016\/wp-json\/wp\/v2\/comments?post=29"}],"version-history":[{"count":4,"href":"https:\/\/radioimpulso.com\/2016\/wp-json\/wp\/v2\/pages\/29\/revisions"}],"predecessor-version":[{"id":60,"href":"https:\/\/radioimpulso.com\/2016\/wp-json\/wp\/v2\/pages\/29\/revisions\/60"}],"wp:featuredmedia":[{"embeddable":true,"href":"https:\/\/radioimpulso.com\/2016\/wp-json\/wp\/v2\/media\/23"}],"wp:attachment":[{"href":"https:\/\/radioimpulso.com\/2016\/wp-json\/wp\/v2\/media?parent=29"}],"curies":[{"name":"wp","href":"https:\/\/api.w.org\/{rel}","templated":true}]}}